{"id":189,"date":"2025-01-08T15:07:08","date_gmt":"2025-01-08T14:07:08","guid":{"rendered":"https:\/\/boutique-antilles.fr\/?post_type=product&#038;p=189"},"modified":"2025-01-08T16:35:10","modified_gmt":"2025-01-08T15:35:10","slug":"rhum-vieux-bologne-new-old","status":"publish","type":"product","link":"https:\/\/boutique-antilles.fr\/index.php\/produit\/rhum-vieux-bologne-new-old\/","title":{"rendered":"Rhum vieux bologne NEW OLD"},"content":{"rendered":"<p>RHUM Bologne<br \/>NEW OLD<br \/>DOUBLE MATURATION<br \/>Rhum agricole de la Guadeloupe<br \/>Fut de bourbon \/ fut de cognac<br \/>Mis en bouteille \u00e0 la distillerie<br \/>Depuis 1887 la distillerie Bologne est install\u00e9e sur les pentes du volcan de la soufri\u00e8re sur un terroir d\u2019une exceptionnelle richesse qui conf\u00e8re \u00e0 son rhum les aromes et la profondeur caract\u00e9ristiques des grands rhums<br \/>H\u00e9riti\u00e8re de cette longue tradition la famille Sargenton-Callard porte un soin extr\u00eame \u00e0 chaque \u00e9tape de l\u2019\u00e9laboration de ses rhums, travail du terroir, choix des vari\u00e9t\u00e9s de cannes, eau de sources de la montagne secrets de la distillation en colonne de cuivre Tirant toute sa singularit\u00e9 dans un processus de double maturation deux types de fut sont s\u00e9lectionn\u00e9s par notre maitre chai pour le vieillissement du NEW OLD, le subtil m\u00e9lange des ex fut cognac et bourbon lui conf\u00e8re cette robe d\u2019un ambr\u00e9 profond associ\u00e9 \u00e0 un nez gourmand et d\u2019\u00e9pices douces<br \/>Sa rondeur et sa sucrosit\u00e9 en font un rhum d\u2019exception \u00e0 d\u00e9guster sec ou sur glace ou en ti punch vieux<br \/>43 % \/ 70 CL \/ prix au litre 38,43 \u20ac<br \/>L\u2019ABUS D\u2019ALCOOL EST DANGEREUSE POUR LA SANTE A CONSOMMER AVEC MODERATION.<br \/>VENTE INTERDITE AUX MINEURS<\/p>\n","protected":false},"excerpt":{"rendered":"<p>RHUM BologneNEW OLDDOUBLE MATURATIONRhum agricole de la GuadeloupeFut de bourbon \/ fut de cognacMis en bouteille \u00e0 la distillerieDepuis 1887 la distillerie Bologne est install\u00e9e sur les pentes du volcan &hellip; <\/p>\n","protected":false},"featured_media":0,"comment_status":"open","ping_status":"closed","template":"","meta":[],"product_cat":[33,35,38],"product_tag":[],"class_list":{"0":"post-189","1":"product","2":"type-product","3":"status-publish","5":"product_cat-la-rhumerie","6":"product_cat-rhum-bologne","7":"product_cat-les-rhums-vieux-bologne","9":"first","10":"instock","11":"taxable","12":"shipping-taxable","13":"purchasable","14":"product-type-simple"},"jetpack_sharing_enabled":true,"_links":{"self":[{"href":"https:\/\/boutique-antilles.fr\/index.php\/wp-json\/wp\/v2\/product\/189","targetHints":{"allow":["GET"]}}],"collection":[{"href":"https:\/\/boutique-antilles.fr\/index.php\/wp-json\/wp\/v2\/product"}],"about":[{"href":"https:\/\/boutique-antilles.fr\/index.php\/wp-json\/wp\/v2\/types\/product"}],"replies":[{"embeddable":true,"href":"https:\/\/boutique-antilles.fr\/index.php\/wp-json\/wp\/v2\/comments?post=189"}],"wp:attachment":[{"href":"https:\/\/boutique-antilles.fr\/index.php\/wp-json\/wp\/v2\/media?parent=189"}],"wp:term":[{"taxonomy":"product_cat","embeddable":true,"href":"https:\/\/boutique-antilles.fr\/index.php\/wp-json\/wp\/v2\/product_cat?post=189"},{"taxonomy":"product_tag","embeddable":true,"href":"https:\/\/boutique-antilles.fr\/index.php\/wp-json\/wp\/v2\/product_tag?post=189"}],"curies":[{"name":"wp","href":"https:\/\/api.w.org\/{rel}","templated":true}]}}