{"id":145,"date":"2024-09-13T17:14:01","date_gmt":"2024-09-13T15:14:01","guid":{"rendered":"https:\/\/boutique-antilles.fr\/?page_id=145"},"modified":"2024-09-13T17:23:26","modified_gmt":"2024-09-13T15:23:26","slug":"bien-etre","status":"publish","type":"page","link":"https:\/\/boutique-antilles.fr\/index.php\/bien-etre\/","title":{"rendered":"Bien-\u00eatre"},"content":{"rendered":"<div class=\"wp-block-image\"><figure class=\"aligncenter size-large is-resized\"><a href=\"https:\/\/osteotissulaire.fr\/\"><img loading=\"lazy\" decoding=\"async\" width=\"1024\" height=\"623\" src=\"https:\/\/boutique-antilles.fr\/wp-content\/uploads\/2024\/09\/logo-osteo-pour-site-1024x623.jpg\" alt=\"\" class=\"wp-image-146\" style=\"width:286px;height:auto\" srcset=\"https:\/\/boutique-antilles.fr\/wp-content\/uploads\/2024\/09\/logo-osteo-pour-site-1024x623.jpg 1024w, https:\/\/boutique-antilles.fr\/wp-content\/uploads\/2024\/09\/logo-osteo-pour-site-600x365.jpg 600w, https:\/\/boutique-antilles.fr\/wp-content\/uploads\/2024\/09\/logo-osteo-pour-site-300x183.jpg 300w, https:\/\/boutique-antilles.fr\/wp-content\/uploads\/2024\/09\/logo-osteo-pour-site-768x468.jpg 768w, https:\/\/boutique-antilles.fr\/wp-content\/uploads\/2024\/09\/logo-osteo-pour-site-1140x694.jpg 1140w, https:\/\/boutique-antilles.fr\/wp-content\/uploads\/2024\/09\/logo-osteo-pour-site.jpg 1181w\" sizes=\"auto, (max-width: 1024px) 100vw, 1024px\" \/><\/a><\/figure><\/div><p class=\"has-text-align-center\">Je m\u2019appelle <strong>Micka\u00ebl Woloszyn<\/strong> je suis dipl\u00f4m\u00e9 en Naturopathie, Iridologie et en Ost\u00e9oth\u00e9rapie Tissulaire R\u00e9flexe,<\/p><div class=\"wp-block-image\"><figure class=\"aligncenter size-full is-resized\"><img loading=\"lazy\" decoding=\"async\" width=\"492\" height=\"587\" src=\"https:\/\/boutique-antilles.fr\/wp-content\/uploads\/2024\/09\/Capture-decran-2023-02-16-a-13.03.57.png\" alt=\"\" class=\"wp-image-153\" style=\"width:131px;height:auto\" srcset=\"https:\/\/boutique-antilles.fr\/wp-content\/uploads\/2024\/09\/Capture-decran-2023-02-16-a-13.03.57.png 492w, https:\/\/boutique-antilles.fr\/wp-content\/uploads\/2024\/09\/Capture-decran-2023-02-16-a-13.03.57-251x300.png 251w\" sizes=\"auto, (max-width: 492px) 100vw, 492px\" \/><\/figure><\/div><p class=\"has-text-align-center\">(<a href=\"https:\/\/osteotissulaire.fr\/la-methode-dorn\/\">M\u00e9thode Dorn<\/a> et <a href=\"https:\/\/osteotissulaire.fr\/les-points-de-knap\/\">Methode Knap<\/a> )<\/p><p class=\"has-text-align-center\">j\u2019ai suivi un panel de formations compl\u00e9mentaires me permettant aujourd\u2019hui d\u2019intervenir sur de nombreux cas d\u2019usage de mani\u00e8re efficace !<\/p><p><\/p>","protected":false},"excerpt":{"rendered":"<p>Je m\u2019appelle Micka\u00ebl Woloszyn je suis dipl\u00f4m\u00e9 en Naturopathie, Iridologie et en Ost\u00e9oth\u00e9rapie Tissulaire R\u00e9flexe, (M\u00e9thode Dorn et Methode Knap ) j\u2019ai suivi un panel de formations compl\u00e9mentaires me permettant &hellip; <\/p>\n","protected":false},"author":1,"featured_media":0,"parent":0,"menu_order":0,"comment_status":"closed","ping_status":"closed","template":"","meta":{"footnotes":""},"class_list":["post-145","page","type-page","status-publish","hentry"],"jetpack_sharing_enabled":true,"_links":{"self":[{"href":"https:\/\/boutique-antilles.fr\/index.php\/wp-json\/wp\/v2\/pages\/145","targetHints":{"allow":["GET"]}}],"collection":[{"href":"https:\/\/boutique-antilles.fr\/index.php\/wp-json\/wp\/v2\/pages"}],"about":[{"href":"https:\/\/boutique-antilles.fr\/index.php\/wp-json\/wp\/v2\/types\/page"}],"author":[{"embeddable":true,"href":"https:\/\/boutique-antilles.fr\/index.php\/wp-json\/wp\/v2\/users\/1"}],"replies":[{"embeddable":true,"href":"https:\/\/boutique-antilles.fr\/index.php\/wp-json\/wp\/v2\/comments?post=145"}],"version-history":[{"count":4,"href":"https:\/\/boutique-antilles.fr\/index.php\/wp-json\/wp\/v2\/pages\/145\/revisions"}],"predecessor-version":[{"id":154,"href":"https:\/\/boutique-antilles.fr\/index.php\/wp-json\/wp\/v2\/pages\/145\/revisions\/154"}],"wp:attachment":[{"href":"https:\/\/boutique-antilles.fr\/index.php\/wp-json\/wp\/v2\/media?parent=145"}],"curies":[{"name":"wp","href":"https:\/\/api.w.org\/{rel}","templated":true}]}}