{"id":103,"date":"2024-06-08T10:59:20","date_gmt":"2024-06-08T08:59:20","guid":{"rendered":"https:\/\/boutique-antilles.fr\/?page_id=103"},"modified":"2024-06-08T10:59:20","modified_gmt":"2024-06-08T08:59:20","slug":"cgv","status":"publish","type":"page","link":"https:\/\/boutique-antilles.fr\/index.php\/cgv\/","title":{"rendered":"CGV"},"content":{"rendered":"<h1 class=\"wp-block-heading\">1. D\u00e9finition des conditions g\u00e9n\u00e9rales de vente&nbsp;:<\/h1><p><br>Les conditions g\u00e9n\u00e9rales de vente ci-dessous concernent les relations contractuelles entre le client, et l&rsquo;entreprise de vente \u00e0 distance&nbsp;<strong>La Boutique Des Antilles<\/strong>, immatricul\u00e9e sous le num\u00e9ro RCS POINTE A PITRE TMC 392&nbsp;852&nbsp;174 Anse des Galets, Saint Fran\u00e7ois Guadeloupe.<\/p><p>Pour valider votre commande, vous devez lire les conditions g\u00e9n\u00e9rales de vente, et les accepter.<\/p><p>En cliquant sur les conditions de vente, vous prenez connaissance de nos conditions avant de valider votre achat. Vous acceptez donc la totalit\u00e9 de nos dispositions pr\u00e9vues dans les paragraphes ci-dessous.<\/p><p>En validant votre commande, vous acceptez les pr\u00e9sentes conditions de vente.<\/p><p>Nulle autre condition de vente que vous nous soumettrez ne sera prise en compte si elles ne sont pas compatibles avec nos propres conditions de vente.<\/p><p>Les conditions g\u00e9n\u00e9rales de ventes ci-dessous d\u00e9finissent les droits et obligations de chacun, le client et&nbsp;<strong>La Boutique Des Antilles.<\/strong><\/p><h2 class=\"wp-block-heading\">Pr\u00e9vention<\/h2><p>La Boutique en Ligne de LA MAISON DU WHISKY est exclusivement r\u00e9serv\u00e9e aux personnes ayant 18 ans r\u00e9volus.<\/p><p>L&rsquo;abus d&rsquo;alcool est dangereux pour la sante. A consommer avec mod\u00e9ration.<\/p><p><strong>2. Le paiement de votre commande.<\/strong><\/p><p>Une fois la commande enti\u00e8rement pay\u00e9e par le client, celle-ci sera mise en pr\u00e9paration.<\/p><p>Vous pouvez r\u00e9gler votre commande par CB via notre syst\u00e8me de paiement PAYBOX du cr\u00e9dit agricole. Un code unique vous sera envoy\u00e9 par mail ou sur votre mobile par SMS, ce code permet de s\u00e9curiser votre achat.<\/p><p>Vous pouvez r\u00e9gler votre commande par Paypal, m\u00eame si vous n\u2019avez aucun compte chez Paypal, seule votre CB suffit.<\/p><p><strong>La boutique des Antilles<\/strong>&nbsp;ne donnera aucune suite aux commandes dont le paiement aurait \u00e9t\u00e9 refus\u00e9 par votre banque ou par paypal<\/p><p>Vous pouvez r\u00e9gler votre commande par Ch\u00e8que \u00e0 l\u2019ordre de&nbsp;<strong>la boutique des Antilles<\/strong>, et nous envoyer votre r\u00e8glement \u00e0 cette adresse&nbsp;:<\/p><p>La boutique des Antilles<\/p><p>Pointe des ch\u00e2teaux<\/p><p>97118 Saint Fran\u00e7ois<\/p><p>Votre commande ne sera prise en compte qu\u2019a r\u00e9ception de votre paiement.<\/p><p>Les commandes ne seront pr\u00e9par\u00e9es qu\u2019en cas de paiement int\u00e9gral de la facture.<\/p><p><strong>3. Les prix<\/strong>.<\/p><p>Les prix affich\u00e9s sont en Euros. Aucune taxe n\u2019est ajout\u00e9e selon l\u2019article 293B du CGI.<\/p><p>Les prix sont valables \u00e0 la date de la commande et ne souffriront pas d\u2019augmentation dans le cas d\u2019un changement de tarif apr\u00e8s la validation de votre commande.<\/p><p>Les frais de livraison s\u2019ajoutent au montant de vos achats et sont calcul\u00e9s suivant le poids des articles et la destination.<\/p><p><strong>Frais de d\u00e9douanement.<\/strong><\/p><p>Des frais de d\u00e9douanement peuvent \u00eatre a acquitter selon vos achats ( alcool ou autres ) suivant le pays de r\u00e9sidence. Renseignez vous aupr\u00e8s des autorit\u00e9s comp\u00e9tentes. La boutique des Antilles ne pourra pas etre tenue responsable de ces \u00e9ventuels frais de d\u00e9douanement.<\/p><p><strong>4. Signature \u00e9lectronique<\/strong><\/p><p>Le double clic de l\u2019acheteur constitue une signature \u00e9lectronique qui a, entre les parties, la m\u00eame valeur qu\u2019une signature manuscrite<\/p><p><strong>5. les d\u00e9lais de livraison.<\/strong><\/p><p>Tous nos envois se font par colissimo outre mer, remise contre signature, assurance incluse.<\/p><p>En r\u00e8gle g\u00e9n\u00e9rale, les colis mettent entre 5 et 10 jours pour la m\u00e9tropole et l\u2019Europe, et environ 15 jours pour le reste du monde.<\/p><p><strong>6. Livraison.<\/strong><\/p><p>Assurez vous d\u2019avoir bien renseign\u00e9 l\u2019adresse de livraison, ci celle-ci est incompl\u00e8te et que le facteur ne trouve pas l\u2019adresse, celle-ci sera retourn\u00e9e \u00e0 la&nbsp;<strong>boutique des Antilles.<\/strong><\/p><p><strong>La Boutique des Antilles<\/strong>&nbsp;ne pourra \u00eatre tenue pour responsable de l\u2019absence de&nbsp;&nbsp;livraison en cas d\u2019adresse incompl\u00e8te.<\/p><p>Si vous d\u00e9sirez de nouveau recevoir ce colis&nbsp;: vous nous pr\u00e9viendrez par mail, nous r\u00e9exp\u00e9dierons votre colis \u00e0 l\u2019adresse de votre choix. Nous vous renverrons ce colis une fois celui-ci de retour dans nos locaux. Vous devrez r\u00e9gler les frais de port de r\u00e9exp\u00e9dition.<\/p><p><strong>La boutique des Antilles<\/strong>&nbsp;ne pourra en aucun cas \u00eatre tenue responsable d\u2019une d\u00e9faillance de la poste dans sa mission d\u2019acheminement de votre commande.<\/p><p><strong>7. La casse ou la d\u00e9t\u00e9rioration.<\/strong><\/p><p>Emettez des r\u00e9serves en cas de casse \u00e9ventuelle. Les colis sont assur\u00e9s, mais la preuve de la casse doit \u00eatre apport\u00e9e pour \u00eatre rembours\u00e9. Photographiez le colis et les articles cass\u00e9s.<\/p><p>En cas de casse \u00e9vidente et visible, refusez le colis&nbsp;!<\/p><p>Si vous avez un doute sur le contenu, ouvrez le colis et constatez en pr\u00e9sence du livreur qu\u2019il ne manque rien. Si un produit arrive manquant ou cass\u00e9, indiquez le sur le bordereau de livraison, signer le et faite signer le livreur.<\/p><p>Une fois les d\u00e9marches abouties aupr\u00e8s de la poste, le remboursement de tout ou partie des articles sera effectu\u00e9.<\/p><p>Ces d\u00e9marches prennent au minimum 1 mois.<\/p><p><strong>8. Absence en cas de livraison.<\/strong><\/p><p>En cas d\u2019absence, le facteur vous d\u00e9livrera un re\u00e7u. Vous aurez 10 jours ouvrables pour r\u00e9cup\u00e9rer votre colis. Pass\u00e9 ce d\u00e9lai, votre colis sera retourn\u00e9 mais ne donnera droit \u00e0 aucun remboursement des frais de port. Les articles seront rembours\u00e9s dans le cas unique ou ils seraient intacts.<\/p><p><strong>9. Disponibilit\u00e9 des produits.<\/strong><\/p><p>En r\u00e8gle g\u00e9n\u00e9rale, les produits mis en ligne sont disponibles.<\/p><p>En cas de rupture de stock, vous serez pr\u00e9venu par mail.<\/p><p>Vous aurez donc le choix d\u2019annuler votre commande si TOUS les produits sont manquants et votre commande sera int\u00e9gralement rembours\u00e9e.<\/p><p>S\u2019il manque un ou plusieurs produits dans votre commande, vous en serez pr\u00e9venu par mail. Vous aurez ainsi le choix de vous faire rembourser les produits manquants ou de patienter quelques jours pour que votre commande soit compl\u00e8te et exp\u00e9di\u00e9e.<\/p><p><strong>10. La garantie L\u00e9gale.<\/strong><\/p><p>Conform\u00e9ment \u00e0 l\u2019article 4 du d\u00e9cret N\u00b078-464 du 24 mars 1978, les dispositions des pr\u00e9sentes ne peuvent priver le consommateur de la garantie l\u00e9gale qui oblige le vendeur professionnel \u00e0 la garantie contre toutes les cons\u00e9quences de vices cach\u00e9s du produit vendu.<br>L\u2019acheteur est express\u00e9ment&nbsp; inform\u00e9 que&nbsp;<strong>La Boutique des Antilles<\/strong>&nbsp;n\u2019est pas le producteur des produits pr\u00e9sent\u00e9s&nbsp; dans le cadre du site de vente en ligne&nbsp;<strong>boutique-antilles.com<\/strong>, au sens de la loi 98-389 du 19 mai 1998 et relative \u00e0 la responsabilit\u00e9 du fait des produits d\u00e9fectueux. En cons\u00e9quence, en cas de dommages caus\u00e9s \u00e0 une personne ou \u00e0 un bien par un d\u00e9faut de produit, seule la responsabilit\u00e9 du producteur pourra \u00eatre&nbsp; recherch\u00e9e par l\u2019acheteur, sur la base des informations figurant sur l\u2019emballage du dit produit.<\/p><p><br><strong>11. Droit de r\u00e9tractation.<\/strong><\/p><p>Vous disposez d\u2019un d\u00e9lai de r\u00e9tractation de sept jours ouvrables apr\u00e8s avoir re\u00e7u votre colis ou vous pourrez nous retourner les produits qui ne vous conviendraient pas. Les jours f\u00e9ri\u00e9s ou les week-ends ne sont pas pris en compte.<\/p><p>Ces produits devront nous \u00eatre renvoy\u00e9s \u00e0 vos frais par Colissimo.&nbsp;&nbsp;<\/p><p>Pour b\u00e9n\u00e9ficier du droit de r\u00e9tractation, les produits retourn\u00e9s ne devront pas avoir \u00e9t\u00e9 ouvert ou avoir \u00e9t\u00e9 utilis\u00e9s et rendu dans un \u00e9tat irr\u00e9prochable. Tout produit ab\u00eem\u00e9, consomm\u00e9, ou avec un emballage d\u00e9t\u00e9rior\u00e9 ne seront pas rembours\u00e9s.<\/p><p>Les produits rendus seront v\u00e9rifi\u00e9s, et vous serez rembours\u00e9s, si l\u2019\u00e9tat de la marchandise le permet.<\/p><p>D\u00e9lais de remboursement&nbsp;: 8 jours maximum directement sur votre compte CB ou Paypal.<\/p><p>Si vous avez r\u00e9gl\u00e9 votre commande par cheque, merci de joindre un RIB dans le colis retour.<\/p><p>Ou&nbsp;:<\/p><p>Vous pouvez demander un \u00e9change de produit ci celui-ci ne vous convient pas, nous vous&nbsp;&nbsp;exp\u00e9dierons l\u2019\u00e9change \u00e0 vos frais par Colissimo outre mer. Nous attendons le colis retour avant de faire l\u2019\u00e9change.<\/p><p>Nous ne remboursons aucun frais d\u2019envoi.<\/p><p>Nous ne d\u00e9livrons pas d\u2019avoir sur la marchandise retourn\u00e9e.<\/p><p>Vous devez nous avertir par mail avant de faire usage de votre droit de r\u00e9tractation.<\/p><p><strong>12. Cas de force majeure.<\/strong><\/p><p>Aucune des deux parties n&rsquo;aura failli \u00e0 ses obligations contractuelles, dans la mesure o\u00f9 leur ex\u00e9cution sera retard\u00e9e, entrav\u00e9e ou emp\u00each\u00e9e par un cas fortuit ou une force majeure. Sera consid\u00e9r\u00e9 comme cas fortuit ou force majeure tous faits ou circonstances irr\u00e9sistibles, ext\u00e9rieurs aux parties, impr\u00e9visibles, in\u00e9vitables, ind\u00e9pendants de la volont\u00e9 des parties et qui ne pourra \u00eatre emp\u00each\u00e9 par ces derni\u00e8res, malgr\u00e9 tous les efforts raisonnablement possibles.<\/p><p>La partie touch\u00e9e par de telles circonstances en avisera l&rsquo;autre dans les dix jours ouvrables suivant la date \u00e0 laquelle elle en aura eu connaissance. Les deux parties se rapprocheront alors, dans un d\u00e9lai d&rsquo;un mois, sauf impossibilit\u00e9 due au cas de force majeure, pour examiner l&rsquo;incidence de l&rsquo;\u00e9v\u00e9nement et convenir des conditions dans lesquelles l&rsquo;ex\u00e9cution du contrat sera poursuivie. Si le cas de force majeure a une dur\u00e9e sup\u00e9rieure \u00e0 trois mois, les pr\u00e9sentes conditions g\u00e9n\u00e9rales pourront \u00eatre r\u00e9sili\u00e9es par la partie l\u00e9s\u00e9e.<\/p><p>De fa\u00e7on expresse, sont consid\u00e9r\u00e9s comme cas de force majeure ou cas fortuits, outre ceux habituellement retenus par la jurisprudence des cours et des tribunaux fran\u00e7ais : le blocage des moyens de transports ou d&rsquo;approvisionnements, tremblements de terre, incendies, temp\u00eates, inondations, foudre; l&rsquo;arr\u00eat des r\u00e9seaux de t\u00e9l\u00e9communication ou difficult\u00e9s propres aux r\u00e9seaux de t\u00e9l\u00e9communication externes aux clients.<br><br><\/p><p><strong>13. Protection des mineurs et sant\u00e9 publique<\/strong><br><br>Conform\u00e9ment \u00e0 l\u2019article L.3342.1 du code de sant\u00e9 publique, la vente d\u2019alcool \u00e0 des mineurs de moins de dix huit ans (-18 ans) est interdite.<br>Par cons\u00e9quent, en validant la commande, le consommateur s\u2019engage \u00e0 avoir dix huit ans (18 ans) r\u00e9volus et reconnais ainsi avoir la capacit\u00e9 juridique de conclure le pr\u00e9sent contrat.<br>L\u2019abus d\u2019alcool est dangereux pour la sant\u00e9, sachez consommer avec mod\u00e9ration.<br><br><\/p><p><strong>14. &nbsp;Informatique et libert\u00e9<\/strong><strong><br><br><\/strong>En application de l\u2019article 27 de la loi n\u00b078-71du 6 janvier 1978, le client dispose d\u2019un droit d\u2019acc\u00e8s ou de rectification aux donn\u00e9es le concernant, envoyez nous un mail.<\/p><p>Les seules informations que nous serons amen\u00e9s \u00e0 communiquer sont essentiellement votre adresse postale.<\/p><p>Tout ce qui concerne les autres \u00e9l\u00e9ments vous concernant ne serons divulgu\u00e9s \u00e0 aucun tiers.<\/p><p>Nous ne vendons pas nos fichiers clients<\/p><p>Nous ne donnons aucuns num\u00e9ros de t\u00e9l\u00e9phone \u00e0 des tiers.<\/p><p>Toutes les informations que vous serez amen\u00e9s \u00e0 nous donner resteront dans nos fichiers.<\/p><p><strong>15. Juridiction comp\u00e9tente.<\/strong><br><br>Les pr\u00e9sentes conditions g\u00e9n\u00e9rales de vente sont soumises au droit fran\u00e7ais. De convention expresse, seul le Tribunal de Commerce de&nbsp;<strong>POINTE A PITRE<\/strong>&nbsp;est comp\u00e9tent pour statuer sur toutes contestations relatives \u00e0 la formation ou l&rsquo;ex\u00e9cution de la commande ou en cas de litige de toute nature \u00e0 moins que&nbsp;<strong>LA BOUTIQUE DES ANTILLES<\/strong>&nbsp;ne pr\u00e9f\u00e8re saisir toute autre juridiction comp\u00e9tente. Toutefois, dans l&rsquo;hypoth\u00e8se o\u00f9 un litige na\u00eetrait de la pr\u00e9sente relation contractuelle, les parties s&rsquo;engagent, avant toute action judiciaire, \u00e0 rechercher une solution \u00e0 l&rsquo;amiable.<\/p>","protected":false},"excerpt":{"rendered":"<p>1. D\u00e9finition des conditions g\u00e9n\u00e9rales de vente&nbsp;: Les conditions g\u00e9n\u00e9rales de vente ci-dessous concernent les relations contractuelles entre le client, et l&rsquo;entreprise de vente \u00e0 distance&nbsp;La Boutique Des Antilles, immatricul\u00e9e &hellip; <\/p>\n","protected":false},"author":1,"featured_media":0,"parent":0,"menu_order":0,"comment_status":"closed","ping_status":"closed","template":"","meta":{"footnotes":""},"class_list":["post-103","page","type-page","status-publish","hentry"],"jetpack_sharing_enabled":true,"_links":{"self":[{"href":"https:\/\/boutique-antilles.fr\/index.php\/wp-json\/wp\/v2\/pages\/103","targetHints":{"allow":["GET"]}}],"collection":[{"href":"https:\/\/boutique-antilles.fr\/index.php\/wp-json\/wp\/v2\/pages"}],"about":[{"href":"https:\/\/boutique-antilles.fr\/index.php\/wp-json\/wp\/v2\/types\/page"}],"author":[{"embeddable":true,"href":"https:\/\/boutique-antilles.fr\/index.php\/wp-json\/wp\/v2\/users\/1"}],"replies":[{"embeddable":true,"href":"https:\/\/boutique-antilles.fr\/index.php\/wp-json\/wp\/v2\/comments?post=103"}],"version-history":[{"count":1,"href":"https:\/\/boutique-antilles.fr\/index.php\/wp-json\/wp\/v2\/pages\/103\/revisions"}],"predecessor-version":[{"id":104,"href":"https:\/\/boutique-antilles.fr\/index.php\/wp-json\/wp\/v2\/pages\/103\/revisions\/104"}],"wp:attachment":[{"href":"https:\/\/boutique-antilles.fr\/index.php\/wp-json\/wp\/v2\/media?parent=103"}],"curies":[{"name":"wp","href":"https:\/\/api.w.org\/{rel}","templated":true}]}}